{"id":459,"date":"2025-03-25T14:26:07","date_gmt":"2025-03-25T14:26:07","guid":{"rendered":"https:\/\/rivulisdev.co.il\/sdi\/?page_id=459"},"modified":"2025-05-07T18:30:00","modified_gmt":"2025-05-07T18:30:00","slug":"contactenos","status":"publish","type":"page","link":"https:\/\/es.rivulisdev.co.il\/row-crops\/contactenos\/","title":{"rendered":"Cont\u00e1ctenos"},"content":{"rendered":"","protected":false},"excerpt":{"rendered":"","protected":false},"author":1,"featured_media":0,"parent":0,"menu_order":0,"comment_status":"closed","ping_status":"closed","template":"page-templates\/contact_us.php","meta":{"_acf_changed":false,"footnotes":""},"class_list":["post-459","page","type-page","status-publish","hentry"],"acf":[],"yoast_head":"<!-- This site is optimized with the Yoast SEO plugin v25.9 - https:\/\/yoast.com\/wordpress\/plugins\/seo\/ -->\n<title>Cont\u00e1ctanos para Descubrir M\u00e1s sobre las Soluciones Avanzadas de Riego por Goteo y Riego Subterr\u00e1neo para Cultivos en L\u00edneas<\/title>\n<meta name=\"description\" content=\"Descubra c\u00f3mo el Riego por Goteo Subterr\u00e1neo (SDI) y los Sistemas de Goteo pueden optimizar el uso del agua y aumentar el rendimiento de los cultivos en l\u00edneas. Cont\u00e1ctenos hoy mismo para obtener soluciones a medida que mejoran la eficiencia y maximizan el potencial de sus tierras.\" \/>\n<meta name=\"robots\" content=\"noindex, follow, max-snippet:-1, max-image-preview:large, max-video-preview:-1\" \/>\n<meta property=\"og:locale\" content=\"en_US\" \/>\n<meta property=\"og:type\" content=\"article\" \/>\n<meta property=\"og:title\" content=\"Cont\u00e1ctanos para Descubrir M\u00e1s sobre las Soluciones Avanzadas de Riego por Goteo y Riego Subterr\u00e1neo para Cultivos en L\u00edneas\" \/>\n<meta property=\"og:description\" content=\"Descubra c\u00f3mo el Riego por Goteo Subterr\u00e1neo (SDI) y los Sistemas de Goteo pueden optimizar el uso del agua y aumentar el rendimiento de los cultivos en l\u00edneas. Cont\u00e1ctenos hoy mismo para obtener soluciones a medida que mejoran la eficiencia y maximizan el potencial de sus tierras.\" \/>\n<meta property=\"og:url\" content=\"https:\/\/es.rivulisdev.co.il\/row-crops\/contactenos\/\" \/>\n<meta property=\"og:site_name\" content=\"rivulis\" \/>\n<meta property=\"article:modified_time\" content=\"2025-05-07T18:30:00+00:00\" \/>\n<meta name=\"twitter:card\" content=\"summary_large_image\" \/>\n<script type=\"application\/ld+json\" class=\"yoast-schema-graph\">{\"@context\":\"https:\/\/schema.org\",\"@graph\":[{\"@type\":\"WebPage\",\"@id\":\"https:\/\/es.rivulisdev.co.il\/row-crops\/contactenos\/\",\"url\":\"https:\/\/es.rivulisdev.co.il\/row-crops\/contactenos\/\",\"name\":\"Cont\u00e1ctanos para Descubrir M\u00e1s sobre las Soluciones Avanzadas de Riego por Goteo y Riego Subterr\u00e1neo para Cultivos en L\u00edneas\",\"isPartOf\":{\"@id\":\"https:\/\/es.rivulisdev.co.il\/row-crops\/#website\"},\"datePublished\":\"2025-03-25T14:26:07+00:00\",\"dateModified\":\"2025-05-07T18:30:00+00:00\",\"description\":\"Descubra c\u00f3mo el Riego por Goteo Subterr\u00e1neo (SDI) y los Sistemas de Goteo pueden optimizar el uso del agua y aumentar el rendimiento de los cultivos en l\u00edneas. Cont\u00e1ctenos hoy mismo para obtener soluciones a medida que mejoran la eficiencia y maximizan el potencial de sus tierras.\",\"breadcrumb\":{\"@id\":\"https:\/\/es.rivulisdev.co.il\/row-crops\/contactenos\/#breadcrumb\"},\"inLanguage\":\"en-US\",\"potentialAction\":[{\"@type\":\"ReadAction\",\"target\":[\"https:\/\/es.rivulisdev.co.il\/row-crops\/contactenos\/\"]}]},{\"@type\":\"BreadcrumbList\",\"@id\":\"https:\/\/es.rivulisdev.co.il\/row-crops\/contactenos\/#breadcrumb\",\"itemListElement\":[{\"@type\":\"ListItem\",\"position\":1,\"name\":\"Home\",\"item\":\"https:\/\/es.rivulisdev.co.il\/row-crops\/\"},{\"@type\":\"ListItem\",\"position\":2,\"name\":\"Cont\u00e1ctenos\"}]},{\"@type\":\"WebSite\",\"@id\":\"https:\/\/es.rivulisdev.co.il\/row-crops\/#website\",\"url\":\"https:\/\/es.rivulisdev.co.il\/row-crops\/\",\"name\":\"rivulis\",\"description\":\"\",\"potentialAction\":[{\"@type\":\"SearchAction\",\"target\":{\"@type\":\"EntryPoint\",\"urlTemplate\":\"https:\/\/es.rivulisdev.co.il\/row-crops\/?s={search_term_string}\"},\"query-input\":{\"@type\":\"PropertyValueSpecification\",\"valueRequired\":true,\"valueName\":\"search_term_string\"}}],\"inLanguage\":\"en-US\"}]}<\/script>\n<!-- \/ Yoast SEO plugin. -->","yoast_head_json":{"title":"Cont\u00e1ctanos para Descubrir M\u00e1s sobre las Soluciones Avanzadas de Riego por Goteo y Riego Subterr\u00e1neo para Cultivos en L\u00edneas","description":"Descubra c\u00f3mo el Riego por Goteo Subterr\u00e1neo (SDI) y los Sistemas de Goteo pueden optimizar el uso del agua y aumentar el rendimiento de los cultivos en l\u00edneas. Cont\u00e1ctenos hoy mismo para obtener soluciones a medida que mejoran la eficiencia y maximizan el potencial de sus tierras.","robots":{"index":"noindex","follow":"follow","max-snippet":"max-snippet:-1","max-image-preview":"max-image-preview:large","max-video-preview":"max-video-preview:-1"},"og_locale":"en_US","og_type":"article","og_title":"Cont\u00e1ctanos para Descubrir M\u00e1s sobre las Soluciones Avanzadas de Riego por Goteo y Riego Subterr\u00e1neo para Cultivos en L\u00edneas","og_description":"Descubra c\u00f3mo el Riego por Goteo Subterr\u00e1neo (SDI) y los Sistemas de Goteo pueden optimizar el uso del agua y aumentar el rendimiento de los cultivos en l\u00edneas. Cont\u00e1ctenos hoy mismo para obtener soluciones a medida que mejoran la eficiencia y maximizan el potencial de sus tierras.","og_url":"https:\/\/es.rivulisdev.co.il\/row-crops\/contactenos\/","og_site_name":"rivulis","article_modified_time":"2025-05-07T18:30:00+00:00","twitter_card":"summary_large_image","schema":{"@context":"https:\/\/schema.org","@graph":[{"@type":"WebPage","@id":"https:\/\/es.rivulisdev.co.il\/row-crops\/contactenos\/","url":"https:\/\/es.rivulisdev.co.il\/row-crops\/contactenos\/","name":"Cont\u00e1ctanos para Descubrir M\u00e1s sobre las Soluciones Avanzadas de Riego por Goteo y Riego Subterr\u00e1neo para Cultivos en L\u00edneas","isPartOf":{"@id":"https:\/\/es.rivulisdev.co.il\/row-crops\/#website"},"datePublished":"2025-03-25T14:26:07+00:00","dateModified":"2025-05-07T18:30:00+00:00","description":"Descubra c\u00f3mo el Riego por Goteo Subterr\u00e1neo (SDI) y los Sistemas de Goteo pueden optimizar el uso del agua y aumentar el rendimiento de los cultivos en l\u00edneas. Cont\u00e1ctenos hoy mismo para obtener soluciones a medida que mejoran la eficiencia y maximizan el potencial de sus tierras.","breadcrumb":{"@id":"https:\/\/es.rivulisdev.co.il\/row-crops\/contactenos\/#breadcrumb"},"inLanguage":"en-US","potentialAction":[{"@type":"ReadAction","target":["https:\/\/es.rivulisdev.co.il\/row-crops\/contactenos\/"]}]},{"@type":"BreadcrumbList","@id":"https:\/\/es.rivulisdev.co.il\/row-crops\/contactenos\/#breadcrumb","itemListElement":[{"@type":"ListItem","position":1,"name":"Home","item":"https:\/\/es.rivulisdev.co.il\/row-crops\/"},{"@type":"ListItem","position":2,"name":"Cont\u00e1ctenos"}]},{"@type":"WebSite","@id":"https:\/\/es.rivulisdev.co.il\/row-crops\/#website","url":"https:\/\/es.rivulisdev.co.il\/row-crops\/","name":"rivulis","description":"","potentialAction":[{"@type":"SearchAction","target":{"@type":"EntryPoint","urlTemplate":"https:\/\/es.rivulisdev.co.il\/row-crops\/?s={search_term_string}"},"query-input":{"@type":"PropertyValueSpecification","valueRequired":true,"valueName":"search_term_string"}}],"inLanguage":"en-US"}]}},"_links":{"self":[{"href":"https:\/\/es.rivulisdev.co.il\/row-crops\/wp-json\/wp\/v2\/pages\/459","targetHints":{"allow":["GET"]}}],"collection":[{"href":"https:\/\/es.rivulisdev.co.il\/row-crops\/wp-json\/wp\/v2\/pages"}],"about":[{"href":"https:\/\/es.rivulisdev.co.il\/row-crops\/wp-json\/wp\/v2\/types\/page"}],"author":[{"embeddable":true,"href":"https:\/\/es.rivulisdev.co.il\/row-crops\/wp-json\/wp\/v2\/users\/1"}],"replies":[{"embeddable":true,"href":"https:\/\/es.rivulisdev.co.il\/row-crops\/wp-json\/wp\/v2\/comments?post=459"}],"version-history":[{"count":11,"href":"https:\/\/es.rivulisdev.co.il\/row-crops\/wp-json\/wp\/v2\/pages\/459\/revisions"}],"predecessor-version":[{"id":803,"href":"https:\/\/es.rivulisdev.co.il\/row-crops\/wp-json\/wp\/v2\/pages\/459\/revisions\/803"}],"wp:attachment":[{"href":"https:\/\/es.rivulisdev.co.il\/row-crops\/wp-json\/wp\/v2\/media?parent=459"}],"curies":[{"name":"wp","href":"https:\/\/api.w.org\/{rel}","templated":true}]}}