{"id":413,"date":"2025-03-25T14:01:14","date_gmt":"2025-03-25T14:01:14","guid":{"rendered":"https:\/\/rivulisdev.co.il\/sdi\/?page_id=413"},"modified":"2025-04-26T11:28:34","modified_gmt":"2025-04-26T11:28:34","slug":"faq","status":"publish","type":"page","link":"https:\/\/es.rivulisdev.co.il\/row-crops\/faq\/","title":{"rendered":"Preguntas Frecuentes"},"content":{"rendered":"","protected":false},"excerpt":{"rendered":"","protected":false},"author":1,"featured_media":0,"parent":0,"menu_order":0,"comment_status":"closed","ping_status":"closed","template":"page-templates\/faq.php","meta":{"_acf_changed":false,"footnotes":""},"class_list":["post-413","page","type-page","status-publish","hentry"],"acf":[],"yoast_head":"<!-- This site is optimized with the Yoast SEO plugin v25.9 - https:\/\/yoast.com\/wordpress\/plugins\/seo\/ -->\n<title>Eficiencia H\u00eddrica y Beneficios de los Sistemas de Riego por Goteo\/Pivots<\/title>\n<meta name=\"description\" content=\"Explore la eficiencia de los sistemas de Riego por Goteo Superficial y Subterr\u00e1neo (SDI) en comparaci\u00f3n con el Riego con Pivot. Aprenda sobre el ahorro de agua, el aumento de la producci\u00f3n, las implicaciones econ\u00f3micas, la eficiencia de la fertirrigaci\u00f3n, el control de malas hierbas y m\u00e1s para una producci\u00f3n agr\u00edcola sostenible.\" \/>\n<meta name=\"robots\" content=\"noindex, follow, max-snippet:-1, max-image-preview:large, max-video-preview:-1\" \/>\n<meta property=\"og:locale\" content=\"en_US\" \/>\n<meta property=\"og:type\" content=\"article\" \/>\n<meta property=\"og:title\" content=\"Eficiencia H\u00eddrica y Beneficios de los Sistemas de Riego por Goteo\/Pivots\" \/>\n<meta property=\"og:description\" content=\"Explore la eficiencia de los sistemas de Riego por Goteo Superficial y Subterr\u00e1neo (SDI) en comparaci\u00f3n con el Riego con Pivot. Aprenda sobre el ahorro de agua, el aumento de la producci\u00f3n, las implicaciones econ\u00f3micas, la eficiencia de la fertirrigaci\u00f3n, el control de malas hierbas y m\u00e1s para una producci\u00f3n agr\u00edcola sostenible.\" \/>\n<meta property=\"og:url\" content=\"https:\/\/es.rivulisdev.co.il\/row-crops\/faq\/\" \/>\n<meta property=\"og:site_name\" content=\"rivulis\" \/>\n<meta property=\"article:modified_time\" content=\"2025-04-26T11:28:34+00:00\" \/>\n<meta name=\"twitter:card\" content=\"summary_large_image\" \/>\n<script type=\"application\/ld+json\" class=\"yoast-schema-graph\">{\"@context\":\"https:\/\/schema.org\",\"@graph\":[{\"@type\":\"WebPage\",\"@id\":\"https:\/\/es.rivulisdev.co.il\/row-crops\/faq\/\",\"url\":\"https:\/\/es.rivulisdev.co.il\/row-crops\/faq\/\",\"name\":\"Eficiencia H\u00eddrica y Beneficios de los Sistemas de Riego por Goteo\/Pivots\",\"isPartOf\":{\"@id\":\"https:\/\/es.rivulisdev.co.il\/row-crops\/#website\"},\"datePublished\":\"2025-03-25T14:01:14+00:00\",\"dateModified\":\"2025-04-26T11:28:34+00:00\",\"description\":\"Explore la eficiencia de los sistemas de Riego por Goteo Superficial y Subterr\u00e1neo (SDI) en comparaci\u00f3n con el Riego con Pivot. Aprenda sobre el ahorro de agua, el aumento de la producci\u00f3n, las implicaciones econ\u00f3micas, la eficiencia de la fertirrigaci\u00f3n, el control de malas hierbas y m\u00e1s para una producci\u00f3n agr\u00edcola sostenible.\",\"breadcrumb\":{\"@id\":\"https:\/\/es.rivulisdev.co.il\/row-crops\/faq\/#breadcrumb\"},\"inLanguage\":\"en-US\",\"potentialAction\":[{\"@type\":\"ReadAction\",\"target\":[\"https:\/\/es.rivulisdev.co.il\/row-crops\/faq\/\"]}]},{\"@type\":\"BreadcrumbList\",\"@id\":\"https:\/\/es.rivulisdev.co.il\/row-crops\/faq\/#breadcrumb\",\"itemListElement\":[{\"@type\":\"ListItem\",\"position\":1,\"name\":\"Home\",\"item\":\"https:\/\/es.rivulisdev.co.il\/row-crops\/\"},{\"@type\":\"ListItem\",\"position\":2,\"name\":\"Preguntas Frecuentes\"}]},{\"@type\":\"WebSite\",\"@id\":\"https:\/\/es.rivulisdev.co.il\/row-crops\/#website\",\"url\":\"https:\/\/es.rivulisdev.co.il\/row-crops\/\",\"name\":\"rivulis\",\"description\":\"\",\"potentialAction\":[{\"@type\":\"SearchAction\",\"target\":{\"@type\":\"EntryPoint\",\"urlTemplate\":\"https:\/\/es.rivulisdev.co.il\/row-crops\/?s={search_term_string}\"},\"query-input\":{\"@type\":\"PropertyValueSpecification\",\"valueRequired\":true,\"valueName\":\"search_term_string\"}}],\"inLanguage\":\"en-US\"}]}<\/script>\n<!-- \/ Yoast SEO plugin. -->","yoast_head_json":{"title":"Eficiencia H\u00eddrica y Beneficios de los Sistemas de Riego por Goteo\/Pivots","description":"Explore la eficiencia de los sistemas de Riego por Goteo Superficial y Subterr\u00e1neo (SDI) en comparaci\u00f3n con el Riego con Pivot. Aprenda sobre el ahorro de agua, el aumento de la producci\u00f3n, las implicaciones econ\u00f3micas, la eficiencia de la fertirrigaci\u00f3n, el control de malas hierbas y m\u00e1s para una producci\u00f3n agr\u00edcola sostenible.","robots":{"index":"noindex","follow":"follow","max-snippet":"max-snippet:-1","max-image-preview":"max-image-preview:large","max-video-preview":"max-video-preview:-1"},"og_locale":"en_US","og_type":"article","og_title":"Eficiencia H\u00eddrica y Beneficios de los Sistemas de Riego por Goteo\/Pivots","og_description":"Explore la eficiencia de los sistemas de Riego por Goteo Superficial y Subterr\u00e1neo (SDI) en comparaci\u00f3n con el Riego con Pivot. Aprenda sobre el ahorro de agua, el aumento de la producci\u00f3n, las implicaciones econ\u00f3micas, la eficiencia de la fertirrigaci\u00f3n, el control de malas hierbas y m\u00e1s para una producci\u00f3n agr\u00edcola sostenible.","og_url":"https:\/\/es.rivulisdev.co.il\/row-crops\/faq\/","og_site_name":"rivulis","article_modified_time":"2025-04-26T11:28:34+00:00","twitter_card":"summary_large_image","schema":{"@context":"https:\/\/schema.org","@graph":[{"@type":"WebPage","@id":"https:\/\/es.rivulisdev.co.il\/row-crops\/faq\/","url":"https:\/\/es.rivulisdev.co.il\/row-crops\/faq\/","name":"Eficiencia H\u00eddrica y Beneficios de los Sistemas de Riego por Goteo\/Pivots","isPartOf":{"@id":"https:\/\/es.rivulisdev.co.il\/row-crops\/#website"},"datePublished":"2025-03-25T14:01:14+00:00","dateModified":"2025-04-26T11:28:34+00:00","description":"Explore la eficiencia de los sistemas de Riego por Goteo Superficial y Subterr\u00e1neo (SDI) en comparaci\u00f3n con el Riego con Pivot. Aprenda sobre el ahorro de agua, el aumento de la producci\u00f3n, las implicaciones econ\u00f3micas, la eficiencia de la fertirrigaci\u00f3n, el control de malas hierbas y m\u00e1s para una producci\u00f3n agr\u00edcola sostenible.","breadcrumb":{"@id":"https:\/\/es.rivulisdev.co.il\/row-crops\/faq\/#breadcrumb"},"inLanguage":"en-US","potentialAction":[{"@type":"ReadAction","target":["https:\/\/es.rivulisdev.co.il\/row-crops\/faq\/"]}]},{"@type":"BreadcrumbList","@id":"https:\/\/es.rivulisdev.co.il\/row-crops\/faq\/#breadcrumb","itemListElement":[{"@type":"ListItem","position":1,"name":"Home","item":"https:\/\/es.rivulisdev.co.il\/row-crops\/"},{"@type":"ListItem","position":2,"name":"Preguntas Frecuentes"}]},{"@type":"WebSite","@id":"https:\/\/es.rivulisdev.co.il\/row-crops\/#website","url":"https:\/\/es.rivulisdev.co.il\/row-crops\/","name":"rivulis","description":"","potentialAction":[{"@type":"SearchAction","target":{"@type":"EntryPoint","urlTemplate":"https:\/\/es.rivulisdev.co.il\/row-crops\/?s={search_term_string}"},"query-input":{"@type":"PropertyValueSpecification","valueRequired":true,"valueName":"search_term_string"}}],"inLanguage":"en-US"}]}},"_links":{"self":[{"href":"https:\/\/es.rivulisdev.co.il\/row-crops\/wp-json\/wp\/v2\/pages\/413","targetHints":{"allow":["GET"]}}],"collection":[{"href":"https:\/\/es.rivulisdev.co.il\/row-crops\/wp-json\/wp\/v2\/pages"}],"about":[{"href":"https:\/\/es.rivulisdev.co.il\/row-crops\/wp-json\/wp\/v2\/types\/page"}],"author":[{"embeddable":true,"href":"https:\/\/es.rivulisdev.co.il\/row-crops\/wp-json\/wp\/v2\/users\/1"}],"replies":[{"embeddable":true,"href":"https:\/\/es.rivulisdev.co.il\/row-crops\/wp-json\/wp\/v2\/comments?post=413"}],"version-history":[{"count":13,"href":"https:\/\/es.rivulisdev.co.il\/row-crops\/wp-json\/wp\/v2\/pages\/413\/revisions"}],"predecessor-version":[{"id":844,"href":"https:\/\/es.rivulisdev.co.il\/row-crops\/wp-json\/wp\/v2\/pages\/413\/revisions\/844"}],"wp:attachment":[{"href":"https:\/\/es.rivulisdev.co.il\/row-crops\/wp-json\/wp\/v2\/media?parent=413"}],"curies":[{"name":"wp","href":"https:\/\/api.w.org\/{rel}","templated":true}]}}