{"id":258,"date":"2025-03-24T17:19:37","date_gmt":"2025-03-24T17:19:37","guid":{"rendered":"https:\/\/rivulisdev.co.il\/sdi\/?page_id=258"},"modified":"2025-05-07T18:26:50","modified_gmt":"2025-05-07T18:26:50","slug":"analisis-de-costos","status":"publish","type":"page","link":"https:\/\/es.rivulisdev.co.il\/row-crops\/analisis-de-costos\/","title":{"rendered":"An\u00e1lisis de Costos"},"content":{"rendered":"","protected":false},"excerpt":{"rendered":"","protected":false},"author":1,"featured_media":0,"parent":0,"menu_order":0,"comment_status":"closed","ping_status":"closed","template":"page-templates\/analysis.php","meta":{"_acf_changed":false,"footnotes":""},"class_list":["post-258","page","type-page","status-publish","hentry"],"acf":[],"yoast_head":"<!-- This site is optimized with the Yoast SEO plugin v25.9 - https:\/\/yoast.com\/wordpress\/plugins\/seo\/ -->\n<title>Riego por Goteo vs. Riego con Pivot Central: Comparaci\u00f3n de Costo y Eficiencia en la Producci\u00f3n de Ma\u00edz<\/title>\n<meta name=\"description\" content=\"Compare el riego por goteo y los sistemas con pivot central en la producci\u00f3n de ma\u00edz. Descubra los beneficios del riego por goteo, el aumento de la producci\u00f3n, la eficiencia h\u00eddrica y la sostenibilidad en \u00c9vora, Portugal.\" \/>\n<meta name=\"robots\" content=\"noindex, follow, max-snippet:-1, max-image-preview:large, max-video-preview:-1\" \/>\n<meta property=\"og:locale\" content=\"en_US\" \/>\n<meta property=\"og:type\" content=\"article\" \/>\n<meta property=\"og:title\" content=\"Riego por Goteo vs. Riego con Pivot Central: Comparaci\u00f3n de Costo y Eficiencia en la Producci\u00f3n de Ma\u00edz\" \/>\n<meta property=\"og:description\" content=\"Compare el riego por goteo y los sistemas con pivot central en la producci\u00f3n de ma\u00edz. Descubra los beneficios del riego por goteo, el aumento de la producci\u00f3n, la eficiencia h\u00eddrica y la sostenibilidad en \u00c9vora, Portugal.\" \/>\n<meta property=\"og:url\" content=\"https:\/\/es.rivulisdev.co.il\/row-crops\/analisis-de-costos\/\" \/>\n<meta property=\"og:site_name\" content=\"rivulis\" \/>\n<meta property=\"article:modified_time\" content=\"2025-05-07T18:26:50+00:00\" \/>\n<meta name=\"twitter:card\" content=\"summary_large_image\" \/>\n<script type=\"application\/ld+json\" class=\"yoast-schema-graph\">{\"@context\":\"https:\/\/schema.org\",\"@graph\":[{\"@type\":\"WebPage\",\"@id\":\"https:\/\/es.rivulisdev.co.il\/row-crops\/analisis-de-costos\/\",\"url\":\"https:\/\/es.rivulisdev.co.il\/row-crops\/analisis-de-costos\/\",\"name\":\"Riego por Goteo vs. Riego con Pivot Central: Comparaci\u00f3n de Costo y Eficiencia en la Producci\u00f3n de Ma\u00edz\",\"isPartOf\":{\"@id\":\"https:\/\/es.rivulisdev.co.il\/row-crops\/#website\"},\"datePublished\":\"2025-03-24T17:19:37+00:00\",\"dateModified\":\"2025-05-07T18:26:50+00:00\",\"description\":\"Compare el riego por goteo y los sistemas con pivot central en la producci\u00f3n de ma\u00edz. Descubra los beneficios del riego por goteo, el aumento de la producci\u00f3n, la eficiencia h\u00eddrica y la sostenibilidad en \u00c9vora, Portugal.\",\"breadcrumb\":{\"@id\":\"https:\/\/es.rivulisdev.co.il\/row-crops\/analisis-de-costos\/#breadcrumb\"},\"inLanguage\":\"en-US\",\"potentialAction\":[{\"@type\":\"ReadAction\",\"target\":[\"https:\/\/es.rivulisdev.co.il\/row-crops\/analisis-de-costos\/\"]}]},{\"@type\":\"BreadcrumbList\",\"@id\":\"https:\/\/es.rivulisdev.co.il\/row-crops\/analisis-de-costos\/#breadcrumb\",\"itemListElement\":[{\"@type\":\"ListItem\",\"position\":1,\"name\":\"Home\",\"item\":\"https:\/\/es.rivulisdev.co.il\/row-crops\/\"},{\"@type\":\"ListItem\",\"position\":2,\"name\":\"An\u00e1lisis de Costos\"}]},{\"@type\":\"WebSite\",\"@id\":\"https:\/\/es.rivulisdev.co.il\/row-crops\/#website\",\"url\":\"https:\/\/es.rivulisdev.co.il\/row-crops\/\",\"name\":\"rivulis\",\"description\":\"\",\"potentialAction\":[{\"@type\":\"SearchAction\",\"target\":{\"@type\":\"EntryPoint\",\"urlTemplate\":\"https:\/\/es.rivulisdev.co.il\/row-crops\/?s={search_term_string}\"},\"query-input\":{\"@type\":\"PropertyValueSpecification\",\"valueRequired\":true,\"valueName\":\"search_term_string\"}}],\"inLanguage\":\"en-US\"}]}<\/script>\n<!-- \/ Yoast SEO plugin. -->","yoast_head_json":{"title":"Riego por Goteo vs. Riego con Pivot Central: Comparaci\u00f3n de Costo y Eficiencia en la Producci\u00f3n de Ma\u00edz","description":"Compare el riego por goteo y los sistemas con pivot central en la producci\u00f3n de ma\u00edz. Descubra los beneficios del riego por goteo, el aumento de la producci\u00f3n, la eficiencia h\u00eddrica y la sostenibilidad en \u00c9vora, Portugal.","robots":{"index":"noindex","follow":"follow","max-snippet":"max-snippet:-1","max-image-preview":"max-image-preview:large","max-video-preview":"max-video-preview:-1"},"og_locale":"en_US","og_type":"article","og_title":"Riego por Goteo vs. Riego con Pivot Central: Comparaci\u00f3n de Costo y Eficiencia en la Producci\u00f3n de Ma\u00edz","og_description":"Compare el riego por goteo y los sistemas con pivot central en la producci\u00f3n de ma\u00edz. Descubra los beneficios del riego por goteo, el aumento de la producci\u00f3n, la eficiencia h\u00eddrica y la sostenibilidad en \u00c9vora, Portugal.","og_url":"https:\/\/es.rivulisdev.co.il\/row-crops\/analisis-de-costos\/","og_site_name":"rivulis","article_modified_time":"2025-05-07T18:26:50+00:00","twitter_card":"summary_large_image","schema":{"@context":"https:\/\/schema.org","@graph":[{"@type":"WebPage","@id":"https:\/\/es.rivulisdev.co.il\/row-crops\/analisis-de-costos\/","url":"https:\/\/es.rivulisdev.co.il\/row-crops\/analisis-de-costos\/","name":"Riego por Goteo vs. Riego con Pivot Central: Comparaci\u00f3n de Costo y Eficiencia en la Producci\u00f3n de Ma\u00edz","isPartOf":{"@id":"https:\/\/es.rivulisdev.co.il\/row-crops\/#website"},"datePublished":"2025-03-24T17:19:37+00:00","dateModified":"2025-05-07T18:26:50+00:00","description":"Compare el riego por goteo y los sistemas con pivot central en la producci\u00f3n de ma\u00edz. Descubra los beneficios del riego por goteo, el aumento de la producci\u00f3n, la eficiencia h\u00eddrica y la sostenibilidad en \u00c9vora, Portugal.","breadcrumb":{"@id":"https:\/\/es.rivulisdev.co.il\/row-crops\/analisis-de-costos\/#breadcrumb"},"inLanguage":"en-US","potentialAction":[{"@type":"ReadAction","target":["https:\/\/es.rivulisdev.co.il\/row-crops\/analisis-de-costos\/"]}]},{"@type":"BreadcrumbList","@id":"https:\/\/es.rivulisdev.co.il\/row-crops\/analisis-de-costos\/#breadcrumb","itemListElement":[{"@type":"ListItem","position":1,"name":"Home","item":"https:\/\/es.rivulisdev.co.il\/row-crops\/"},{"@type":"ListItem","position":2,"name":"An\u00e1lisis de Costos"}]},{"@type":"WebSite","@id":"https:\/\/es.rivulisdev.co.il\/row-crops\/#website","url":"https:\/\/es.rivulisdev.co.il\/row-crops\/","name":"rivulis","description":"","potentialAction":[{"@type":"SearchAction","target":{"@type":"EntryPoint","urlTemplate":"https:\/\/es.rivulisdev.co.il\/row-crops\/?s={search_term_string}"},"query-input":{"@type":"PropertyValueSpecification","valueRequired":true,"valueName":"search_term_string"}}],"inLanguage":"en-US"}]}},"_links":{"self":[{"href":"https:\/\/es.rivulisdev.co.il\/row-crops\/wp-json\/wp\/v2\/pages\/258","targetHints":{"allow":["GET"]}}],"collection":[{"href":"https:\/\/es.rivulisdev.co.il\/row-crops\/wp-json\/wp\/v2\/pages"}],"about":[{"href":"https:\/\/es.rivulisdev.co.il\/row-crops\/wp-json\/wp\/v2\/types\/page"}],"author":[{"embeddable":true,"href":"https:\/\/es.rivulisdev.co.il\/row-crops\/wp-json\/wp\/v2\/users\/1"}],"replies":[{"embeddable":true,"href":"https:\/\/es.rivulisdev.co.il\/row-crops\/wp-json\/wp\/v2\/comments?post=258"}],"version-history":[{"count":38,"href":"https:\/\/es.rivulisdev.co.il\/row-crops\/wp-json\/wp\/v2\/pages\/258\/revisions"}],"predecessor-version":[{"id":863,"href":"https:\/\/es.rivulisdev.co.il\/row-crops\/wp-json\/wp\/v2\/pages\/258\/revisions\/863"}],"wp:attachment":[{"href":"https:\/\/es.rivulisdev.co.il\/row-crops\/wp-json\/wp\/v2\/media?parent=258"}],"curies":[{"name":"wp","href":"https:\/\/api.w.org\/{rel}","templated":true}]}}